{"id":1932,"date":"2025-11-26T07:48:57","date_gmt":"2025-11-26T07:48:57","guid":{"rendered":"https:\/\/inca-sa.shop\/produit\/projekt-1\/"},"modified":"2026-04-10T14:25:08","modified_gmt":"2026-04-10T12:25:08","slug":"projekt-1","status":"publish","type":"product","link":"https:\/\/inca-sa.shop\/de\/produit\/projekt-1\/","title":{"rendered":"Farbige Geh\u00e4use"},"content":{"rendered":"<p>F\u00fcr unsere Kunden haben wir eingef\u00e4rbte Geh\u00e4use mit einer breiten Farbpalette entwickelt; unsere eingef\u00e4rbten Geh\u00e4use unterstreichen die Identit\u00e4t Ihrer Projekte. Die Kunden konnten au\u00dferdem die Intensit\u00e4t der T\u00f6nung w\u00e4hlen \u2013 von leicht get\u00f6nt bis vollst\u00e4ndig blickdicht. Parallel zu diesen Projekten und zur Wahrung der Konsistenz haben wir auch die Fertigung von Haken und Scharnieren in spezifischen Farben angeboten.<\/p>\n<p>F\u00fcr alle Personalisierungsanfragen k\u00f6nnen Sie uns unter folgender Adresse kontaktieren: info[@]inca-sa.ch<\/p>\n","protected":false},"excerpt":{"rendered":"<p>F\u00fcr unsere Kunden haben wir eingef\u00e4rbte Geh\u00e4use mit einer breiten Farbpalette entwickelt; unsere eingef\u00e4rbten Geh\u00e4use unterstreichen die Identit\u00e4t Ihrer Projekte. Die Kunden konnten au\u00dferdem die Intensit\u00e4t der T\u00f6nung w\u00e4hlen \u2013 von leicht get\u00f6nt bis vollst\u00e4ndig blickdicht. Parallel zu diesen Projekten und zur Wahrung der Konsistenz haben wir auch die Fertigung von Haken und Scharnieren in [&hellip;]<\/p>\n","protected":false},"featured_media":2215,"template":"","meta":{"_acf_changed":false},"product_brand":[],"product_cat":[50],"product_tag":[],"class_list":{"0":"post-1932","1":"product","2":"type-product","3":"status-publish","4":"has-post-thumbnail","6":"product_cat-masgeschneiderte-kreationen","8":"first","9":"outofstock","10":"taxable","11":"shipping-taxable","12":"product-type-simple"},"acf":[],"_links":{"self":[{"href":"https:\/\/inca-sa.shop\/de\/wp-json\/wp\/v2\/product\/1932","targetHints":{"allow":["GET"]}}],"collection":[{"href":"https:\/\/inca-sa.shop\/de\/wp-json\/wp\/v2\/product"}],"about":[{"href":"https:\/\/inca-sa.shop\/de\/wp-json\/wp\/v2\/types\/product"}],"version-history":[{"count":1,"href":"https:\/\/inca-sa.shop\/de\/wp-json\/wp\/v2\/product\/1932\/revisions"}],"predecessor-version":[{"id":2200,"href":"https:\/\/inca-sa.shop\/de\/wp-json\/wp\/v2\/product\/1932\/revisions\/2200"}],"wp:featuredmedia":[{"embeddable":true,"href":"https:\/\/inca-sa.shop\/de\/wp-json\/wp\/v2\/media\/2215"}],"wp:attachment":[{"href":"https:\/\/inca-sa.shop\/de\/wp-json\/wp\/v2\/media?parent=1932"}],"wp:term":[{"taxonomy":"product_brand","embeddable":true,"href":"https:\/\/inca-sa.shop\/de\/wp-json\/wp\/v2\/product_brand?post=1932"},{"taxonomy":"product_cat","embeddable":true,"href":"https:\/\/inca-sa.shop\/de\/wp-json\/wp\/v2\/product_cat?post=1932"},{"taxonomy":"product_tag","embeddable":true,"href":"https:\/\/inca-sa.shop\/de\/wp-json\/wp\/v2\/product_tag?post=1932"}],"curies":[{"name":"wp","href":"https:\/\/api.w.org\/{rel}","templated":true}]}}