{"id":1721,"date":"2025-11-07T17:41:19","date_gmt":"2025-11-07T17:41:19","guid":{"rendered":"https:\/\/inca-sa.shop\/produit\/12-12-t4\/"},"modified":"2026-04-10T13:00:02","modified_gmt":"2026-04-10T11:00:02","slug":"12-12-t4","status":"publish","type":"product","link":"https:\/\/inca-sa.shop\/de\/produit\/12-12-t4\/","title":{"rendered":"12.12 T4 Set"},"content":{"rendered":"<p>Membrandosen im 100er-Set erh\u00e4ltlich.<br \/>\nEntwickelt f\u00fcr den Schutz empfindlicher Objekte durch Fixierung zwischen zwei flexiblen Membranen.<br \/>\nGeeignete L\u00f6sung f\u00fcr die Lagerung, Pr\u00e4sentation oder den sicheren Transport von Pr\u00e4zisionskomponenten.<\/p>\n","protected":false},"excerpt":{"rendered":"<p>Abmessungen: 39 mm x 39 mm x 17,8 mm<\/p>\n","protected":false},"featured_media":2232,"template":"","meta":{"_acf_changed":false},"product_brand":[],"product_cat":[41],"product_tag":[],"class_list":{"0":"post-1721","1":"product","2":"type-product","3":"status-publish","4":"has-post-thumbnail","6":"product_cat-klein","8":"first","9":"instock","10":"taxable","11":"shipping-taxable","12":"purchasable","13":"product-type-simple"},"acf":[],"_links":{"self":[{"href":"https:\/\/inca-sa.shop\/de\/wp-json\/wp\/v2\/product\/1721","targetHints":{"allow":["GET"]}}],"collection":[{"href":"https:\/\/inca-sa.shop\/de\/wp-json\/wp\/v2\/product"}],"about":[{"href":"https:\/\/inca-sa.shop\/de\/wp-json\/wp\/v2\/types\/product"}],"version-history":[{"count":2,"href":"https:\/\/inca-sa.shop\/de\/wp-json\/wp\/v2\/product\/1721\/revisions"}],"predecessor-version":[{"id":2193,"href":"https:\/\/inca-sa.shop\/de\/wp-json\/wp\/v2\/product\/1721\/revisions\/2193"}],"wp:featuredmedia":[{"embeddable":true,"href":"https:\/\/inca-sa.shop\/de\/wp-json\/wp\/v2\/media\/2232"}],"wp:attachment":[{"href":"https:\/\/inca-sa.shop\/de\/wp-json\/wp\/v2\/media?parent=1721"}],"wp:term":[{"taxonomy":"product_brand","embeddable":true,"href":"https:\/\/inca-sa.shop\/de\/wp-json\/wp\/v2\/product_brand?post=1721"},{"taxonomy":"product_cat","embeddable":true,"href":"https:\/\/inca-sa.shop\/de\/wp-json\/wp\/v2\/product_cat?post=1721"},{"taxonomy":"product_tag","embeddable":true,"href":"https:\/\/inca-sa.shop\/de\/wp-json\/wp\/v2\/product_tag?post=1721"}],"curies":[{"name":"wp","href":"https:\/\/api.w.org\/{rel}","templated":true}]}}