{"id":1502,"date":"2026-01-20T06:37:56","date_gmt":"2026-01-20T06:37:56","guid":{"rendered":"https:\/\/inca-sa.shop\/produit\/8-76-1\/"},"modified":"2026-04-10T14:37:22","modified_gmt":"2026-04-10T12:37:22","slug":"8-76-1","status":"publish","type":"product","link":"https:\/\/inca-sa.shop\/de\/produit\/8-76-1\/","title":{"rendered":"8.76.1"},"content":{"rendered":"<p>Membrandosen \u2013 optimaler Schutz f\u00fcr empfindliche Objekte<br \/>\nMembrandosen sind so konzipiert, dass sie zerbrechlichen oder empfindlichen Teilen maximalen Schutz bieten, indem sie diese zwischen zwei flexiblen Folien fixieren.<br \/>\nDiese Technologie passt sich perfekt der Form jedes Objekts an, sorgt f\u00fcr sicheren Halt und sch\u00fctzt gleichzeitig vor St\u00f6\u00dfen, w\u00e4hrend Vibrationen effektiv absorbiert werden.<br \/>\nSie eignen sich besonders f\u00fcr anspruchsvolle Branchen wie die Uhrenindustrie, Elektronik, Schmuckherstellung oder die Lagerung von Pr\u00e4zisionskomponenten und anderen empfindlichen Teilen.<br \/>\nSie sind unsicher bei der Formatauswahl?<br \/>\nUnser Team steht Ihnen \u00fcber den Website-Chat zur Verf\u00fcgung, um Sie zu beraten und Ihre Fragen in Echtzeit zu beantworten.<br \/>\nEine breite Palette an Gr\u00f6\u00dfen ist verf\u00fcgbar, um Ihren spezifischen Anforderungen gerecht zu werden.<\/p>\n<p>Abbildung unverbindlich<\/p>\n","protected":false},"excerpt":{"rendered":"<p>Abmessungen: H\u00f6he 8 mm<\/p>\n","protected":false},"featured_media":2212,"template":"","meta":{"_acf_changed":false},"product_brand":[],"product_cat":[41],"product_tag":[],"class_list":{"0":"post-1502","1":"product","2":"type-product","3":"status-publish","4":"has-post-thumbnail","6":"product_cat-klein","8":"first","9":"instock","10":"taxable","11":"shipping-taxable","12":"purchasable","13":"product-type-variable"},"acf":[],"_links":{"self":[{"href":"https:\/\/inca-sa.shop\/de\/wp-json\/wp\/v2\/product\/1502","targetHints":{"allow":["GET"]}}],"collection":[{"href":"https:\/\/inca-sa.shop\/de\/wp-json\/wp\/v2\/product"}],"about":[{"href":"https:\/\/inca-sa.shop\/de\/wp-json\/wp\/v2\/types\/product"}],"version-history":[{"count":1,"href":"https:\/\/inca-sa.shop\/de\/wp-json\/wp\/v2\/product\/1502\/revisions"}],"predecessor-version":[{"id":2202,"href":"https:\/\/inca-sa.shop\/de\/wp-json\/wp\/v2\/product\/1502\/revisions\/2202"}],"wp:featuredmedia":[{"embeddable":true,"href":"https:\/\/inca-sa.shop\/de\/wp-json\/wp\/v2\/media\/2212"}],"wp:attachment":[{"href":"https:\/\/inca-sa.shop\/de\/wp-json\/wp\/v2\/media?parent=1502"}],"wp:term":[{"taxonomy":"product_brand","embeddable":true,"href":"https:\/\/inca-sa.shop\/de\/wp-json\/wp\/v2\/product_brand?post=1502"},{"taxonomy":"product_cat","embeddable":true,"href":"https:\/\/inca-sa.shop\/de\/wp-json\/wp\/v2\/product_cat?post=1502"},{"taxonomy":"product_tag","embeddable":true,"href":"https:\/\/inca-sa.shop\/de\/wp-json\/wp\/v2\/product_tag?post=1502"}],"curies":[{"name":"wp","href":"https:\/\/api.w.org\/{rel}","templated":true}]}}