{"id":1427,"date":"2026-02-16T05:28:56","date_gmt":"2026-02-16T05:28:56","guid":{"rendered":"https:\/\/inca-sa.shop\/produit\/8-76\/"},"modified":"2026-03-31T08:40:06","modified_gmt":"2026-03-31T08:40:06","slug":"8-76","status":"publish","type":"product","link":"https:\/\/inca-sa.shop\/de\/produit\/8-76\/","title":{"rendered":"8.76"},"content":{"rendered":"<p>Membrandosen \u2013 optimaler Schutz f\u00fcr empfindliche Objekte<br \/>\nMembrandosen bieten maximalen Schutz f\u00fcr zerbrechliche oder empfindliche Teile, indem sie diese zwischen zwei flexiblen Folien fixieren.<br \/>\nDiese Technologie passt sich perfekt der Form jedes Objekts an, bietet sicheren Halt und sch\u00fctzt vor St\u00f6\u00dfen sowie Vibrationen.<br \/>\nSie eignen sich besonders f\u00fcr anspruchsvolle Branchen wie Uhrenindustrie, Elektronik, Schmuckherstellung oder die Lagerung von Pr\u00e4zisionskomponenten.<br \/>\nSie sind unsicher bei der Formatauswahl?<br \/>\nUnser Team ber\u00e4t Sie gerne im Live-Chat und beantwortet Ihre Fragen in Echtzeit.<br \/>\nEine breite Auswahl an Gr\u00f6\u00dfen ist verf\u00fcgbar, um Ihren spezifischen Anforderungen gerecht zu werden.<\/p>\n<p>Abbildung unverbindlich, das Produkt kann abweichen.<\/p>\n","protected":false},"excerpt":{"rendered":"<p>Abmessungen: H\u00f6he 8 mm<\/p>\n","protected":false},"featured_media":2212,"template":"","meta":{"_acf_changed":false},"product_brand":[],"product_cat":[41],"product_tag":[],"class_list":{"0":"post-1427","1":"product","2":"type-product","3":"status-publish","4":"has-post-thumbnail","6":"product_cat-klein","8":"first","9":"instock","10":"taxable","11":"shipping-taxable","12":"purchasable","13":"product-type-variable"},"acf":[],"_links":{"self":[{"href":"https:\/\/inca-sa.shop\/de\/wp-json\/wp\/v2\/product\/1427","targetHints":{"allow":["GET"]}}],"collection":[{"href":"https:\/\/inca-sa.shop\/de\/wp-json\/wp\/v2\/product"}],"about":[{"href":"https:\/\/inca-sa.shop\/de\/wp-json\/wp\/v2\/types\/product"}],"version-history":[{"count":1,"href":"https:\/\/inca-sa.shop\/de\/wp-json\/wp\/v2\/product\/1427\/revisions"}],"predecessor-version":[{"id":2055,"href":"https:\/\/inca-sa.shop\/de\/wp-json\/wp\/v2\/product\/1427\/revisions\/2055"}],"wp:featuredmedia":[{"embeddable":true,"href":"https:\/\/inca-sa.shop\/de\/wp-json\/wp\/v2\/media\/2212"}],"wp:attachment":[{"href":"https:\/\/inca-sa.shop\/de\/wp-json\/wp\/v2\/media?parent=1427"}],"wp:term":[{"taxonomy":"product_brand","embeddable":true,"href":"https:\/\/inca-sa.shop\/de\/wp-json\/wp\/v2\/product_brand?post=1427"},{"taxonomy":"product_cat","embeddable":true,"href":"https:\/\/inca-sa.shop\/de\/wp-json\/wp\/v2\/product_cat?post=1427"},{"taxonomy":"product_tag","embeddable":true,"href":"https:\/\/inca-sa.shop\/de\/wp-json\/wp\/v2\/product_tag?post=1427"}],"curies":[{"name":"wp","href":"https:\/\/api.w.org\/{rel}","templated":true}]}}