{"id":1413,"date":"2026-01-20T10:23:21","date_gmt":"2026-01-20T10:23:21","guid":{"rendered":"https:\/\/inca-sa.shop\/produit\/1248-76\/"},"modified":"2026-04-10T15:07:56","modified_gmt":"2026-04-10T13:07:56","slug":"1248-76","status":"publish","type":"product","link":"https:\/\/inca-sa.shop\/de\/produit\/1248-76\/","title":{"rendered":"1248.76"},"content":{"rendered":"<p>Logistikoptimierung und konsolidierter Schutz<\/p>\n<p>Entwickelt zur Erg\u00e4nzung unseres Sortiments an Membranboxen, erm\u00f6glicht diese Aufbewahrungsl\u00f6sung das effiziente Organisieren, Sch\u00fctzen und Transportieren mehrerer Boxen in einem einzigen sicheren Beh\u00e4lter.<\/p>\n<p>Konzipiert, um den Anforderungen industrieller und technischer Umgebungen gerecht zu werden, bietet sie eine robuste Struktur, die die Stabilit\u00e4t der Membranboxen w\u00e4hrend der Lagerung oder des Transports gew\u00e4hrleistet. Sie vereinfacht die Handhabung, begrenzt das Besch\u00e4digungsrisiko und optimiert das Logistikmanagement Ihrer empfindlichen Komponenten, w\u00e4hrend sie gleichzeitig die Zusammenstellung von Fertigungsauftragskits f\u00fcr Ihre Montagewerkst\u00e4tten erleichtert.<\/p>\n<p>Sie k\u00f6nnen bis zu 25 Boxen 8.76 und 8.76.1 oder bis zu 12 Boxen 16.76.1 aufbewahren<\/p>\n","protected":false},"excerpt":{"rendered":"<p>Abmessungen: 275 mm x 100 mm x 87,5 mm<\/p>\n","protected":false},"featured_media":2228,"template":"","meta":{"_acf_changed":false},"product_brand":[],"product_cat":[39],"product_tag":[],"class_list":{"0":"post-1413","1":"product","2":"type-product","3":"status-publish","4":"has-post-thumbnail","6":"product_cat-gros","8":"first","9":"instock","10":"taxable","11":"shipping-taxable","12":"purchasable","13":"product-type-variable"},"acf":[],"_links":{"self":[{"href":"https:\/\/inca-sa.shop\/de\/wp-json\/wp\/v2\/product\/1413","targetHints":{"allow":["GET"]}}],"collection":[{"href":"https:\/\/inca-sa.shop\/de\/wp-json\/wp\/v2\/product"}],"about":[{"href":"https:\/\/inca-sa.shop\/de\/wp-json\/wp\/v2\/types\/product"}],"version-history":[{"count":1,"href":"https:\/\/inca-sa.shop\/de\/wp-json\/wp\/v2\/product\/1413\/revisions"}],"predecessor-version":[{"id":2230,"href":"https:\/\/inca-sa.shop\/de\/wp-json\/wp\/v2\/product\/1413\/revisions\/2230"}],"wp:featuredmedia":[{"embeddable":true,"href":"https:\/\/inca-sa.shop\/de\/wp-json\/wp\/v2\/media\/2228"}],"wp:attachment":[{"href":"https:\/\/inca-sa.shop\/de\/wp-json\/wp\/v2\/media?parent=1413"}],"wp:term":[{"taxonomy":"product_brand","embeddable":true,"href":"https:\/\/inca-sa.shop\/de\/wp-json\/wp\/v2\/product_brand?post=1413"},{"taxonomy":"product_cat","embeddable":true,"href":"https:\/\/inca-sa.shop\/de\/wp-json\/wp\/v2\/product_cat?post=1413"},{"taxonomy":"product_tag","embeddable":true,"href":"https:\/\/inca-sa.shop\/de\/wp-json\/wp\/v2\/product_tag?post=1413"}],"curies":[{"name":"wp","href":"https:\/\/api.w.org\/{rel}","templated":true}]}}