{"id":1916,"date":"2026-02-25T08:54:45","date_gmt":"2026-02-25T08:54:45","guid":{"rendered":"https:\/\/inca-sa.shop\/datenschutzerklaerung\/"},"modified":"2026-03-23T12:41:40","modified_gmt":"2026-03-23T12:41:40","slug":"datenschutzerklaerung","status":"publish","type":"page","link":"https:\/\/inca-sa.shop\/de\/datenschutzerklaerung\/","title":{"rendered":"Datenschutzerkl\u00e4rung"},"content":{"rendered":"\t\t<div data-elementor-type=\"wp-page\" data-elementor-id=\"1916\" class=\"elementor elementor-1916 elementor-1063\" data-elementor-post-type=\"page\">\n\t\t\t\t<div class=\"elementor-element elementor-element-94123b5 e-flex e-con-boxed e-con e-parent\" data-id=\"94123b5\" data-element_type=\"container\" data-e-type=\"container\">\n\t\t\t\t\t<div class=\"e-con-inner\">\n\t\t\t\t<div class=\"elementor-element elementor-element-7da52a6 elementor-widget elementor-widget-text-editor\" data-id=\"7da52a6\" data-element_type=\"widget\" data-e-type=\"widget\" data-widget_type=\"text-editor.default\">\n\t\t\t\t\t\t\t\t\t<p data-start=\"448\" data-end=\"485\">Letzte Aktualisierung: 25.02.2026<\/p><p data-start=\"487\" data-end=\"880\">INCA S.A., ein Schweizer Unternehmen mit Sitz an der Place du Tricentenaire 1, 2300 La Chaux-de-Fonds, legt gro\u00dfen Wert auf den Schutz Ihrer personenbezogenen Daten.<br data-start=\"652\" data-end=\"655\">Diese Datenschutzerkl\u00e4rung informiert Sie dar\u00fcber, wie wir Ihre Daten gem\u00e4\u00df dem <strong data-start=\"811\" data-end=\"819\">nDSG<\/strong> (Bundesgesetz \u00fcber den Datenschutz \u2013 Schweiz, 2023) erheben, nutzen, speichern und sch\u00fctzen.<\/p><h5 data-start=\"887\" data-end=\"946\"><strong>1. Wer ist f\u00fcr die Verarbeitung Ihrer Daten verantwortlich?<\/strong><\/h5><p data-start=\"948\" data-end=\"982\">Verantwortlich f\u00fcr die Datenverarbeitung ist:<\/p><p data-start=\"984\" data-end=\"1076\"><strong data-start=\"984\" data-end=\"997\">INCA S.A.<\/strong><br data-start=\"997\" data-end=\"1000\">Place du Tricentenaire 1<br data-start=\"1013\" data-end=\"1016\">2300 La Chaux-de-Fonds \u2013 Schweiz<br data-start=\"1047\" data-end=\"1050\">E-Mail: <a class=\"cursor-pointer\" rel=\"noopener\" data-start=\"1058\" data-end=\"1076\">marketing@inca-sa.ch<\/a><\/p><h5 data-start=\"1083\" data-end=\"1125\"><strong>2. Welche Daten werden erhoben?<\/strong><\/h5><p data-start=\"1127\" data-end=\"1184\">Wir k\u00f6nnen die folgenden Daten erheben und verarbeiten:<\/p><ul><li style=\"list-style-type: none;\"><ul data-start=\"1106\" data-end=\"1334\"><li data-start=\"1106\" data-end=\"1123\"><p data-start=\"1108\" data-end=\"1123\">Vor- und Nachname<\/p><\/li><li data-start=\"1124\" data-end=\"1141\"><p data-start=\"1126\" data-end=\"1141\">E-Mail-Adresse<\/p><\/li><li data-start=\"1142\" data-end=\"1177\"><p data-start=\"1144\" data-end=\"1177\">Telefonnummer (falls angegeben)<\/p><\/li><li data-start=\"1178\" data-end=\"1225\"><p data-start=\"1180\" data-end=\"1225\">\u00dcber das Kontaktformular gesendete Nachricht<\/p><\/li><li data-start=\"1226\" data-end=\"1282\"><p data-start=\"1228\" data-end=\"1282\">Informationen im Zusammenhang mit einer Angebotsanfrage oder einem Kostenvoranschlag<\/p><\/li><li data-start=\"1283\" data-end=\"1334\"><p data-start=\"1285\" data-end=\"1334\">Daten aus der Anmeldung zum Newsletter<\/p><\/li><li data-start=\"1185\" data-end=\"1200\">Anonymisierte IP-Adresse<\/li><\/ul><\/li><\/ul><h5 data-start=\"1372\" data-end=\"1423\"><strong>3. Zu welchem Zweck verwenden wir Ihre Daten?<\/strong><\/h5><p data-start=\"1425\" data-end=\"1490\">Ihre Daten werden ausschlie\u00dflich zu folgenden Zwecken verwendet:<\/p><ul data-start=\"1710\" data-end=\"2035\"><li data-start=\"1710\" data-end=\"1772\"><p data-start=\"1712\" data-end=\"1772\">Bearbeitung der gesendeten Anfragen <\/p><\/li><li data-start=\"1773\" data-end=\"1840\"><p data-start=\"1775\" data-end=\"1840\">Versand von Newslettern, Neuigkeiten und kommerziellen Mitteilungen<\/p><\/li><li data-start=\"1841\" data-end=\"1874\"><p data-start=\"1843\" data-end=\"1874\">Verwaltung der Kundenbeziehung<\/p><\/li><li data-start=\"1875\" data-end=\"1954\"><p data-start=\"1877\" data-end=\"1954\">Verbesserung der Website-Performance und Traffic-Analyse (Search Console)<\/p><\/li><li data-start=\"1955\" data-end=\"1998\"><p data-start=\"1957\" data-end=\"1998\">Optimierung unserer Marketingkampagnen<\/p><\/li><li data-start=\"1999\" data-end=\"2035\"><p data-start=\"2001\" data-end=\"2035\">Einhaltung unserer gesetzlichen Verpflichtungen<\/p><\/li><\/ul><p data-start=\"2037\" data-end=\"2084\">Wir f\u00fchren kein automatisiertes Profiling durch.<\/p><h5 data-start=\"1728\" data-end=\"1775\"><strong>4. Mit wem teilen wir Ihre Daten?<\/strong><\/h5><p data-start=\"2132\" data-end=\"2282\">Wir verkaufen oder vermieten Ihre Daten nicht.<br data-start=\"2173\" data-end=\"2176\">Bestimmte Dienstleister k\u00f6nnen Ihre Daten jedoch im strengen Rahmen der beschriebenen Zwecke verarbeiten:<\/p><p data-start=\"2284\" data-end=\"2315\"><strong data-start=\"2288\" data-end=\"2313\">Brevo (ehemals Sendinblue)<\/strong><\/p><p data-start=\"2316\" data-end=\"2437\">Wird f\u00fcr den Versand von Newslettern und die Verwaltung von Abonnements verwendet.<br data-start=\"2382\" data-end=\"2385\">Daten werden in Europa gespeichert. Konform mit DSGVO und nDSG. <\/p><p data-start=\"2439\" data-end=\"2470\"><strong data-start=\"2443\" data-end=\"2468\">Google Search Console<\/strong><\/p><p data-start=\"2471\" data-end=\"2658\">Wird zur Analyse der Website-Performance verwendet (Suchanfragen, Klicks, Impressionen, technische Fehler).<br data-start=\"2569\" data-end=\"2572\">Die \u00fcbermittelten Daten sind anonymisiert und lassen keinen R\u00fcckschluss auf eine Einzelperson zu.<\/p><p data-start=\"2660\" data-end=\"2685\"><strong data-start=\"2664\" data-end=\"2683\">Webhosting<\/strong><\/p><p data-start=\"2686\" data-end=\"2815\">Die Website wird bei <strong data-start=\"2711\" data-end=\"2725\">Infomaniak<\/strong> gehostet, einem in der Schweiz ans\u00e4ssigen Anbieter, der die schweizerischen und europ\u00e4ischen Sicherheitsanforderungen erf\u00fcllt.<\/p><p data-start=\"2817\" data-end=\"2938\">Alle diese Dienstleister handeln ausschlie\u00dflich auf Weisung von INCA S.A. und d\u00fcrfen Ihre Daten nicht f\u00fcr andere Zwecke verwenden.<\/p><h5 data-start=\"2190\" data-end=\"2268\"><strong>5. Cookies und \u00e4hnliche Technologien<\/strong><\/h5><p data-start=\"2990\" data-end=\"3088\">Unsere Website verwendet Cookies, um eine reibungslose Navigation zu gew\u00e4hrleisten und unsere Dienste zu verbessern.<\/p><p data-start=\"3090\" data-end=\"3123\"><strong data-start=\"3094\" data-end=\"3123\">Arten der verwendeten Cookies<\/strong><\/p><p data-start=\"3125\" data-end=\"3152\"><strong data-start=\"3130\" data-end=\"3152\">Essenzielle Cookies<\/strong><\/p><p data-start=\"3153\" data-end=\"3225\">Unerl\u00e4sslich f\u00fcr das Funktionieren der Website (Sicherheit, Sitzungsverwaltung).<\/p><p data-start=\"3227\" data-end=\"3255\"><strong data-start=\"3232\" data-end=\"3255\">Analytische Cookies<\/strong><\/p><p data-start=\"3256\" data-end=\"3376\">Messung der Performance und Verst\u00e4ndnis des Nutzerverhaltens \u00fcber Tools wie die Google Search Console.<\/p><p data-start=\"3378\" data-end=\"3406\"><strong data-start=\"3383\" data-end=\"3404\">Marketing-Cookies<\/strong><\/p><p data-start=\"3407\" data-end=\"3533\">Nur wenn Sie deren Verwendung zustimmen.<br data-start=\"3452\" data-end=\"3455\">Erm\u00f6glichen die Analyse der Zielgruppe oder die Verbesserung der Relevanz unserer Inhalte.<\/p><p data-start=\"3535\" data-end=\"3615\">Sie k\u00f6nnen Cookies direkt \u00fcber Ihren Browser verwalten oder deaktivieren.<\/p><h5 data-start=\"3622\" data-end=\"3651\"><strong data-start=\"3624\" data-end=\"3651\">6. Datensicherheit<\/strong><\/h5><p data-start=\"3653\" data-end=\"3731\">INCA S.A. setzt strenge technische und organisatorische Ma\u00dfnahmen um:<\/p><ul data-start=\"3733\" data-end=\"3907\"><li data-start=\"3733\" data-end=\"3774\"><p data-start=\"3735\" data-end=\"3774\">Zugriff beschr\u00e4nkt auf autorisierte Personen<\/p><\/li><li data-start=\"3775\" data-end=\"3801\"><p data-start=\"3777\" data-end=\"3801\">Regelm\u00e4\u00dfige Backups<\/p><\/li><li data-start=\"3802\" data-end=\"3835\"><p data-start=\"3804\" data-end=\"3835\">Sichere Datenspeicherung<\/p><\/li><li data-start=\"3836\" data-end=\"3907\"><p data-start=\"3838\" data-end=\"3907\">Schutz vor unbefugtem Zugriff, Verlust oder L\u00f6schung<\/p><\/li><\/ul><h5 data-start=\"3914\" data-end=\"3944\"><strong data-start=\"3916\" data-end=\"3944\">7. Aufbewahrungsdauer<\/strong><\/h5><p data-start=\"3946\" data-end=\"3975\">Ihre Daten werden aufbewahrt:<\/p><ul data-start=\"3977\" data-end=\"4168\"><li data-start=\"3977\" data-end=\"4080\"><p data-start=\"3979\" data-end=\"4080\">solange es notwendig ist, um Ihre Anfrage zu beantworten oder die Gesch\u00e4ftsbeziehung aufrechtzuerhalten;<\/p><\/li><li data-start=\"4081\" data-end=\"4126\"><p data-start=\"4083\" data-end=\"4126\">oder bis zu Ihrem L\u00f6schungsantrag;<\/p><\/li><li data-start=\"4127\" data-end=\"4168\"><p data-start=\"4129\" data-end=\"4168\">oder gem\u00e4\u00df den gesetzlichen Anforderungen in der Schweiz.<\/p><\/li><\/ul><p data-start=\"4170\" data-end=\"4253\">\u00dcber den Newsletter erhobene Daten werden bis zu Ihrer Abmeldung gespeichert.<\/p><h5 data-start=\"4260\" data-end=\"4295\"><strong data-start=\"4262\" data-end=\"4295\">8. Ihre Rechte (nDSG \u2013 Schweiz)<\/strong><\/h5><p data-start=\"4297\" data-end=\"4332\">Sie haben folgende Rechte:<\/p><ul data-start=\"4334\" data-end=\"4453\"><li data-start=\"4334\" data-end=\"4351\"><p data-start=\"4336\" data-end=\"4351\">Recht auf Auskunft<\/p><\/li><li data-start=\"4352\" data-end=\"4378\"><p data-start=\"4354\" data-end=\"4378\">Recht auf Berichtigung<\/p><\/li><li data-start=\"4379\" data-end=\"4403\"><p data-start=\"4381\" data-end=\"4403\">Recht auf L\u00f6schung<\/p><\/li><li data-start=\"4404\" data-end=\"4426\"><p data-start=\"4406\" data-end=\"4426\">Recht auf Widerspruch<\/p><\/li><li data-start=\"4427\" data-end=\"4453\"><p data-start=\"4429\" data-end=\"4453\">Recht auf Daten\u00fcbertragbarkeit<\/p><\/li><\/ul><p data-start=\"4455\" data-end=\"4542\">Um eines dieser Rechte auszu\u00fcben, kontaktieren Sie uns bitte unter:<br data-start=\"4515\" data-end=\"4518\"><strong data-start=\"4518\" data-end=\"4542\"><a class=\"decorated-link cursor-pointer\" rel=\"noopener\" data-start=\"4520\" data-end=\"4540\">marketing@inca-sa.ch<\/a><\/strong><\/p><p data-start=\"4544\" data-end=\"4600\">Wir werden Ihre Anfrage innerhalb einer angemessenen Frist bearbeiten.<\/p><h5 data-start=\"4607\" data-end=\"4630\"><strong data-start=\"4609\" data-end=\"4630\">9. Abmeldung<\/strong><\/h5><p data-start=\"4632\" data-end=\"4824\">Jede \u00fcber unseren Newsletter versendete E-Mail enth\u00e4lt einen klaren und funktionsf\u00e4higen Abmeldelink.<br data-start=\"4729\" data-end=\"4732\">Sie k\u00f6nnen uns auch jederzeit schreiben, um die L\u00f6schung Ihrer Daten zu verlangen.<\/p><h5 data-start=\"4831\" data-end=\"4873\"><strong data-start=\"4833\" data-end=\"4873\">10. \u00c4nderungen dieser Richtlinie<\/strong><\/h5><p data-start=\"4875\" data-end=\"5063\">Diese Richtlinie kann aktualisiert werden, um technischen, rechtlichen oder organisatorischen Entwicklungen Rechnung zu tragen.<br data-start=\"4990\" data-end=\"4993\">Die aktuellste Version ist jederzeit auf unserer Website verf\u00fcgbar.<\/p>\t\t\t\t\t\t\t\t<\/div>\n\t\t\t\t\t<\/div>\n\t\t\t\t<\/div>\n\t\t\t\t<\/div>\n\t\t","protected":false},"excerpt":{"rendered":"<p>Letzte Aktualisierung: 25.02.2026 INCA S.A., ein Schweizer Unternehmen mit Sitz an der Place du Tricentenaire 1, 2300 La Chaux-de-Fonds, legt gro\u00dfen Wert auf den Schutz Ihrer personenbezogenen Daten.Diese Datenschutzerkl\u00e4rung informiert Sie dar\u00fcber, wie wir Ihre Daten gem\u00e4\u00df dem nDSG (Bundesgesetz \u00fcber den Datenschutz \u2013 Schweiz, 2023) erheben, nutzen, speichern und sch\u00fctzen. 1. Wer ist f\u00fcr [&hellip;]<\/p>\n","protected":false},"author":1,"featured_media":0,"parent":0,"menu_order":0,"comment_status":"closed","ping_status":"closed","template":"","meta":{"_acf_changed":false,"footnotes":""},"class_list":["post-1916","page","type-page","status-publish","hentry"],"acf":[],"_links":{"self":[{"href":"https:\/\/inca-sa.shop\/de\/wp-json\/wp\/v2\/pages\/1916","targetHints":{"allow":["GET"]}}],"collection":[{"href":"https:\/\/inca-sa.shop\/de\/wp-json\/wp\/v2\/pages"}],"about":[{"href":"https:\/\/inca-sa.shop\/de\/wp-json\/wp\/v2\/types\/page"}],"author":[{"embeddable":true,"href":"https:\/\/inca-sa.shop\/de\/wp-json\/wp\/v2\/users\/1"}],"replies":[{"embeddable":true,"href":"https:\/\/inca-sa.shop\/de\/wp-json\/wp\/v2\/comments?post=1916"}],"version-history":[{"count":1,"href":"https:\/\/inca-sa.shop\/de\/wp-json\/wp\/v2\/pages\/1916\/revisions"}],"predecessor-version":[{"id":1917,"href":"https:\/\/inca-sa.shop\/de\/wp-json\/wp\/v2\/pages\/1916\/revisions\/1917"}],"wp:attachment":[{"href":"https:\/\/inca-sa.shop\/de\/wp-json\/wp\/v2\/media?parent=1916"}],"curies":[{"name":"wp","href":"https:\/\/api.w.org\/{rel}","templated":true}]}}